{"id":447,"date":"2023-02-13T12:53:22","date_gmt":"2023-02-13T11:53:22","guid":{"rendered":"https:\/\/www.seyda.nl\/diversiteit\/"},"modified":"2023-05-08T13:25:19","modified_gmt":"2023-05-08T11:25:19","slug":"diversitaet","status":"publish","type":"page","link":"https:\/\/www.seyda.nl\/de\/diversitaet\/","title":{"rendered":"Diversit\u00e4t"},"content":{"rendered":"\n\t<section class=\"section dark\" id=\"section_1321040185\">\n\t\t<div class=\"section-bg fill\" >\n\t\t\t\t\t\t\t\t\t\n\t\t\t\n\n\t\t<\/div>\n\n\t\t\n\n\t\t<div class=\"section-content relative\">\n\t\t\t\n\n\t<div id=\"gap-768250591\" class=\"gap-element clearfix\" style=\"display:block; height:auto;\">\n\t\t\n<style>\n#gap-768250591 {\n  padding-top: 30px;\n}\n<\/style>\n\t<\/div>\n\t\n\n<div class=\"row\"  id=\"row-1932066051\">\n\n\n\t<div id=\"col-2144492775\" class=\"col small-12 large-12\"  >\n\t\t\t\t<div class=\"col-inner text-left\"  >\n\t\t\t\n\t\t\t\n\n\t<div id=\"text-4114931013\" class=\"text\">\n\t\t\n\n<p><span><span><a href=\"https:\/\/www.seyda.nl\/de\/home\/\">Home<\/a><\/span><\/span><\/p>\n\t\t\n<style>\n#text-4114931013 {\n  font-size: 0.75rem;\n  text-align: center;\n}\n@media (min-width:550px) {\n  #text-4114931013 {\n    text-align: left;\n  }\n}\n<\/style>\n\t<\/div>\n\t\n  <div id=\"page-header-1910334372\" class=\"page-header-wrapper\">\n  <div class=\"page-title dark simple-title\">\n\n    \n    <div class=\"page-title-inner container align-top flex-row medium-flex-wrap\" >\n              <div class=\"title-wrapper flex-col text-left medium-text-center\">\n          <h1 class=\"entry-title mb-0\">\n            Diversit\u00e4t          <\/h1>\n        <\/div>\n                    <div class=\"title-content flex-col flex-right text-right medium-text-center\">\n        <div class=\"title-breadcrumbs pb-half pt-half\"><nav class=\"woocommerce-breadcrumb breadcrumbs uppercase\" aria-label=\"Breadcrumb\">Start<\/nav><\/div>      <\/div>\n    <\/div>\n\n       <\/div>\n    <\/div>\n  \n\n\n\t\t<\/div>\n\t\t\t\t\t<\/div>\n\n\t\n\n<\/div>\n\n\t\t<\/div>\n\n\t\t\n<style>\n#section_1321040185 {\n  padding-top: 70px;\n  padding-bottom: 70px;\n  background-color: #6d2269;\n}\n<\/style>\n\t<\/section>\n\t\n\n\t<section class=\"section\" id=\"section_1129353668\">\n\t\t<div class=\"section-bg fill\" >\n\t\t\t\t\t\t\t\t\t\n\t\t\t\n\n\t\t<\/div>\n\n\t\t\n\n\t\t<div class=\"section-content relative\">\n\t\t\t\n<div class=\"row\"  id=\"row-1322697715\">\n\n\t<div id=\"col-1794679576\" class=\"col small-12 large-12\"  >\n\t\t\t\t<div class=\"col-inner\"  >\n\t\t\t\n\t\t\t\n\t<div id=\"gap-1134469394\" class=\"gap-element clearfix\" style=\"display:block; height:auto;\">\n\t\t\n<style>\n#gap-1134469394 {\n  padding-top: 30px;\n}\n<\/style>\n\t<\/div>\n\t\n<h2 class=\"heading\">Die Kraft der Vielfalt: Arbeiten mit den Diversit\u00e4tskarten<\/h2>\n<div class=\"kc-elm kc-css-841089 kc_text_block\">\n<div class=\"kc-elm kc-css-456184 kc_text_block\">\n<p>Diversit\u00e4t ist eine Gegebenheit der Menschen in allen Lebens- und Arbeitswelten begegnen.<br \/>Manchmal bedeutet Vielfalt Reibung und Wiederstand und meist eine unbewusste positive Kraft. Die unterschiedlichen Aspekte der Diversit\u00e4t und deren Wirkung auf Menschen mit- und untereinander werden oft als schwierige Themen wahrgenommen. Die Diversit\u00e4tskarten bieten eine M\u00f6glichkeit zu entdecken und zu verbinden. Unterschiedliche Aspekte unserer Identit\u00e4t werden greifbar und die Intersektionen, die Kreuzungen unterschiedlicher Aspekte unserer Identit\u00e4t, werden sichtbar in der Arbeit mit den Karten.<br \/>Kimberley Crenshaw\u00a0<b>(1)<\/b>\u00a0hat mit dem Begriff der Intersektionalit\u00e4t eine M\u00f6glichkeit eingef\u00fchrt die Perspektive auf den Einfluss der Identit\u00e4tsaspekte zu \u00f6ffnen.<br \/>Mit den Diversit\u00e4tskarten hat Marten Bos, Gestalttherapeut, Trainer und Supervisor(enausbilder) eine M\u00f6glichkeit entwickelt, sich nicht nur selbst zu definieren, sondern auch die unterschiedlichen Perspektiven auf die sozialen, politischen und organisatorischen Einfl\u00fcsse der unterschiedlichen Identit\u00e4tsaspekte zu untersuchen.<\/p>\n<p>Die 20 Karten im A 3 Format symbolisieren jeweils einen Identit\u00e4tsaspekt wie z.B Lebensfase, Physische M\u00f6glichkeiten, Gender, Sexuelle Ausrichtung, Hautfarbe, etc. eine der Karten ist leer und symbolisiert einen jeweiligen Aspekt der eventuell noch fehlt und Individuell selbst hinzugef\u00fcgt werden kann.<\/p>\n<p>Professionals, Individuen, Gruppen, Organisationen, Teams, Gemeinschaften mit unterschiedlichen Hintergr\u00fcnden. Die Karten sind f\u00fcr alle die sich der Kraft der Diversit\u00e4t bewusst sind und sich dazu entscheiden diese zu nutzen eine Methode die dabei unterst\u00fctzt.<\/p>\n<p>Fortschritt und Weiterentwicklung im Umgang mit unserer Diversit\u00e4t als Individuen und Miteinander im Gespr\u00e4ch wird mit den Karten auf kreative Art m\u00f6glich.<\/p>\n<p>\u1e62eyd\u00e2 Buurman-Kutsal ist Expertin auf dem Feld der Diversit\u00e4t, Gleichstellung und Inklusion und arbeitet als Unternehmensberaterin, Trainerin und Supervisorin mit den unterschiedlichsten Organisationen, Kommunen und Universit\u00e4ten in Europa. Sie hat die Methodik der Diversit\u00e4tskarten in Zusammenarbeit mit dem Entwickler Marten Bos in die Deutsche Version \u00fcbersetzt und bietet Seminare zur Anwendung der Methodik f\u00fcr Trainer:innen, coaches und Lehrkr\u00e4fte an.<\/p>\n<\/div>\n<\/div>\n\t\t<\/div>\n\t\t\t\t\t<\/div>\n\n\t\n<\/div>\n\t\t<\/div>\n\n\t\t\n<style>\n#section_1129353668 {\n  padding-top: 50px;\n  padding-bottom: 50px;\n}\n@media (min-width:550px) {\n  #section_1129353668 {\n    padding-top: 70px;\n    padding-bottom: 70px;\n  }\n}\n<\/style>\n\t<\/section>\n\t\n","protected":false},"excerpt":{"rendered":"","protected":false},"author":1,"featured_media":0,"parent":0,"menu_order":0,"comment_status":"closed","ping_status":"closed","template":"page-blank.php","meta":{"inline_featured_image":false,"_price":"","_stock":"","_tribe_ticket_header":"","_tribe_default_ticket_provider":"TEC\\Tickets\\Commerce\\Module","_tribe_ticket_capacity":"0","_ticket_start_date":"","_ticket_end_date":"","_tribe_ticket_show_description":"","_tribe_ticket_show_not_going":false,"_tribe_ticket_use_global_stock":"","_tribe_ticket_global_stock_level":"","_global_stock_mode":"","_global_stock_cap":"","_tribe_rsvp_for_event":"","_tribe_ticket_going_count":"","_tribe_ticket_not_going_count":"","_tribe_tickets_list":"[]","_tribe_ticket_has_attendee_info_fields":false,"footnotes":"","_tec_slr_enabled":"","_tec_slr_layout":""},"class_list":["post-447","page","type-page","status-publish","hentry"],"yoast_head":"<!-- This site is optimized with the Yoast SEO plugin v27.5 - https:\/\/yoast.com\/product\/yoast-seo-wordpress\/ -->\n<title>Diversit\u00e4t - Seyda<\/title>\n<meta name=\"robots\" content=\"index, follow, max-snippet:-1, max-image-preview:large, max-video-preview:-1\" \/>\n<link rel=\"canonical\" href=\"https:\/\/www.seyda.nl\/de\/diversitaet\/\" \/>\n<meta property=\"og:locale\" content=\"de_DE\" \/>\n<meta property=\"og:type\" content=\"article\" \/>\n<meta property=\"og:title\" content=\"Diversit\u00e4t - Seyda\" \/>\n<meta property=\"og:url\" content=\"https:\/\/www.seyda.nl\/de\/diversitaet\/\" \/>\n<meta property=\"og:site_name\" content=\"Seyda\" \/>\n<meta property=\"article:modified_time\" content=\"2023-05-08T11:25:19+00:00\" \/>\n<meta name=\"twitter:card\" content=\"summary_large_image\" \/>\n<meta name=\"twitter:label1\" content=\"Gesch\u00e4tzte Lesezeit\" \/>\n\t<meta name=\"twitter:data1\" content=\"2\u00a0Minuten\" \/>\n<script type=\"application\/ld+json\" class=\"yoast-schema-graph\">{\"@context\":\"https:\\\/\\\/schema.org\",\"@graph\":[{\"@type\":\"WebPage\",\"@id\":\"https:\\\/\\\/www.seyda.nl\\\/de\\\/diversitaet\\\/\",\"url\":\"https:\\\/\\\/www.seyda.nl\\\/de\\\/diversitaet\\\/\",\"name\":\"Diversit\u00e4t - Seyda\",\"isPartOf\":{\"@id\":\"https:\\\/\\\/www.seyda.nl\\\/#website\"},\"datePublished\":\"2023-02-13T11:53:22+00:00\",\"dateModified\":\"2023-05-08T11:25:19+00:00\",\"breadcrumb\":{\"@id\":\"https:\\\/\\\/www.seyda.nl\\\/de\\\/diversitaet\\\/#breadcrumb\"},\"inLanguage\":\"de\",\"potentialAction\":[{\"@type\":\"ReadAction\",\"target\":[\"https:\\\/\\\/www.seyda.nl\\\/de\\\/diversitaet\\\/\"]}]},{\"@type\":\"BreadcrumbList\",\"@id\":\"https:\\\/\\\/www.seyda.nl\\\/de\\\/diversitaet\\\/#breadcrumb\",\"itemListElement\":[{\"@type\":\"ListItem\",\"position\":1,\"name\":\"Home\",\"item\":\"https:\\\/\\\/www.seyda.nl\\\/de\\\/home\\\/\"},{\"@type\":\"ListItem\",\"position\":2,\"name\":\"Diversit\u00e4t\"}]},{\"@type\":\"WebSite\",\"@id\":\"https:\\\/\\\/www.seyda.nl\\\/#website\",\"url\":\"https:\\\/\\\/www.seyda.nl\\\/\",\"name\":\"Seyda\",\"description\":\"Leer omgaan met diversiteit\",\"potentialAction\":[{\"@type\":\"SearchAction\",\"target\":{\"@type\":\"EntryPoint\",\"urlTemplate\":\"https:\\\/\\\/www.seyda.nl\\\/?s={search_term_string}\"},\"query-input\":{\"@type\":\"PropertyValueSpecification\",\"valueRequired\":true,\"valueName\":\"search_term_string\"}}],\"inLanguage\":\"de\"}]}<\/script>\n<!-- \/ Yoast SEO plugin. -->","yoast_head_json":{"title":"Diversit\u00e4t - Seyda","robots":{"index":"index","follow":"follow","max-snippet":"max-snippet:-1","max-image-preview":"max-image-preview:large","max-video-preview":"max-video-preview:-1"},"canonical":"https:\/\/www.seyda.nl\/de\/diversitaet\/","og_locale":"de_DE","og_type":"article","og_title":"Diversit\u00e4t - Seyda","og_url":"https:\/\/www.seyda.nl\/de\/diversitaet\/","og_site_name":"Seyda","article_modified_time":"2023-05-08T11:25:19+00:00","twitter_card":"summary_large_image","twitter_misc":{"Gesch\u00e4tzte Lesezeit":"2\u00a0Minuten"},"schema":{"@context":"https:\/\/schema.org","@graph":[{"@type":"WebPage","@id":"https:\/\/www.seyda.nl\/de\/diversitaet\/","url":"https:\/\/www.seyda.nl\/de\/diversitaet\/","name":"Diversit\u00e4t - Seyda","isPartOf":{"@id":"https:\/\/www.seyda.nl\/#website"},"datePublished":"2023-02-13T11:53:22+00:00","dateModified":"2023-05-08T11:25:19+00:00","breadcrumb":{"@id":"https:\/\/www.seyda.nl\/de\/diversitaet\/#breadcrumb"},"inLanguage":"de","potentialAction":[{"@type":"ReadAction","target":["https:\/\/www.seyda.nl\/de\/diversitaet\/"]}]},{"@type":"BreadcrumbList","@id":"https:\/\/www.seyda.nl\/de\/diversitaet\/#breadcrumb","itemListElement":[{"@type":"ListItem","position":1,"name":"Home","item":"https:\/\/www.seyda.nl\/de\/home\/"},{"@type":"ListItem","position":2,"name":"Diversit\u00e4t"}]},{"@type":"WebSite","@id":"https:\/\/www.seyda.nl\/#website","url":"https:\/\/www.seyda.nl\/","name":"Seyda","description":"Leer omgaan met diversiteit","potentialAction":[{"@type":"SearchAction","target":{"@type":"EntryPoint","urlTemplate":"https:\/\/www.seyda.nl\/?s={search_term_string}"},"query-input":{"@type":"PropertyValueSpecification","valueRequired":true,"valueName":"search_term_string"}}],"inLanguage":"de"}]}},"ticketed":false,"_links":{"self":[{"href":"https:\/\/www.seyda.nl\/de\/wp-json\/wp\/v2\/pages\/447","targetHints":{"allow":["GET"]}}],"collection":[{"href":"https:\/\/www.seyda.nl\/de\/wp-json\/wp\/v2\/pages"}],"about":[{"href":"https:\/\/www.seyda.nl\/de\/wp-json\/wp\/v2\/types\/page"}],"author":[{"embeddable":true,"href":"https:\/\/www.seyda.nl\/de\/wp-json\/wp\/v2\/users\/1"}],"replies":[{"embeddable":true,"href":"https:\/\/www.seyda.nl\/de\/wp-json\/wp\/v2\/comments?post=447"}],"version-history":[{"count":2,"href":"https:\/\/www.seyda.nl\/de\/wp-json\/wp\/v2\/pages\/447\/revisions"}],"predecessor-version":[{"id":675,"href":"https:\/\/www.seyda.nl\/de\/wp-json\/wp\/v2\/pages\/447\/revisions\/675"}],"wp:attachment":[{"href":"https:\/\/www.seyda.nl\/de\/wp-json\/wp\/v2\/media?parent=447"}],"curies":[{"name":"wp","href":"https:\/\/api.w.org\/{rel}","templated":true}]}}